{"id":38,"date":"2022-05-16T17:44:13","date_gmt":"2022-05-16T17:44:13","guid":{"rendered":"https:\/\/www.florencemotel.com.br\/site\/?page_id=38"},"modified":"2022-08-08T13:46:08","modified_gmt":"2022-08-08T16:46:08","slug":"inicio","status":"publish","type":"page","link":"https:\/\/www.florencemotel.com.br\/site\/","title":{"rendered":"In\u00edcio"},"content":{"rendered":"<div style=\"display: none;\">\n<p>motel santa rosa, santo \u00e2ngelo su\u00edte santa rosa, santo \u00e2ngelo, vip em santa rosa, santo \u00e2ngelo, quarto, santa rosa, santo \u00e2ngelo RS, quarto e laser santa rosa, santo \u00e2ngelo<\/p>\n<h1>quarto em santa rosa, santo \u00e2ngelo,\u00a0quarto santa rosa, santo \u00e2ngelo, su\u00edte santa rosa, santo \u00e2ngelo,<\/h1>\n<h2>quarto em santa rosa, santo \u00e2ngelo, motel santa rosa, santo \u00e2ngelo e regi\u00e3o, su\u00edte santa rosa, santo \u00e2ngelo em santa rosa, santo \u00e2ngelo, quarto exame demissional santa rosa, santo \u00e2ngelo, medicina em santa rosa, santo \u00e2ngelo rs, quarto, para santa rosa, santo \u00e2ngelo e regi\u00e3o, quarto para santa rosa, santo \u00e2ngelo e regi\u00e3o\u00a0exame laser santa rosa, santo \u00e2ngelo de quarto em santa rosa, santo \u00e2ngelo, motel santa rosa, santo \u00e2ngelo e regi\u00e3o, su\u00edte santa rosa, santo \u00e2ngelo em santa rosa, santo \u00e2ngelo, quarto exame demissional santa rosa, santo \u00e2ngelo, medicina em santa rosa, santo \u00e2ngelo rs, quarto,<a title=\"exame laser santa rosa, santo \u00e2ngelo de quarto em santa rosa, santo \u00e2ngelo, motel santa rosa, santo \u00e2ngelo e regi\u00e3o, su\u00edte santa rosa, santo \u00e2ngelo em santa rosa, santo \u00e2ngelo, quarto exame demissional santa rosa, santo \u00e2ngelo, medicina em santa rosa, santo \u00e2ngelo rs, quarto, para santa rosa, santo \u00e2ngelo e regi\u00e3o, quarto para santa rosa, santo \u00e2ngelo e regi\u00e3o\" href=\"https:\/\/www.florencemotel.com.br\">para santa rosa, santo \u00e2ngelo e regi\u00e3o, quarto para santa rosa, santo \u00e2ngelo e regi\u00e3o\u00a0exame laser santa rosa, santo \u00e2ngelo de quarto em santa rosa, santo \u00e2ngelo, motel santa rosa, santo \u00e2ngelo e regi\u00e3o, su\u00edte santa rosa, santo \u00e2ngelo em santa rosa, santo \u00e2ngelo, quarto exame demissional santa rosa, santo \u00e2ngelo, medicina em santa rosa, santo \u00e2ngelo rs, quarto<\/a>, para santa rosa, santo \u00e2ngelo e regi\u00e3o, quarto para santa rosa, santo \u00e2ngelo e regi\u00e3o\u00a0exame laser santa rosa, santo \u00e2ngelo de quarto em santa rosa, santo \u00e2ngelo, motel santa rosa, santo \u00e2ngelo e regi\u00e3o, su\u00edte santa rosa, santo \u00e2ngelo em santa rosa, santo \u00e2ngelo, quarto exame demissional santa rosa, santo \u00e2ngelo, medicina em santa rosa, santo \u00e2ngelo rs, quarto, para santa rosa, santo \u00e2ngelo e regi\u00e3o, quarto para santa rosa, santo \u00e2ngelo e regi\u00e3o\u00a0exame laser santa rosa, santo \u00e2ngelo de quarto em santa rosa, santo \u00e2ngelo, motel santa rosa, santo \u00e2ngelo e regi\u00e3o, su\u00edte santa rosa, santo \u00e2ngelo em santa rosa, santo \u00e2ngelo, quarto exame demissional santa rosa, santo \u00e2ngelo, medicina em santa rosa, santo \u00e2ngelo rs, quarto, para santa rosa, santo \u00e2ngelo e regi\u00e3o,<a title=\"exame laser santa rosa, santo \u00e2ngelo de quarto em santa rosa, santo \u00e2ngelo, motel santa rosa, santo \u00e2ngelo e regi\u00e3o, su\u00edte santa rosa, santo \u00e2ngelo em santa rosa, santo \u00e2ngelo, quarto exame demissional santa rosa, santo \u00e2ngelo, medicina em santa rosa, santo \u00e2ngelo rs, quarto, para santa rosa, santo \u00e2ngelo e regi\u00e3o, quarto para santa rosa, santo \u00e2ngelo e regi\u00e3o\" href=\"https:\/\/www.florencemotel.com.br\/site\">quarto para santa rosa, santo \u00e2ngelo e regi\u00e3o\u00a0exame laser santa rosa, santo \u00e2ngelo de quarto em santa rosa, santo \u00e2ngelo, motel santa rosa, santo \u00e2ngelo e regi\u00e3o, cria\u00e7\u00e3o de sit<\/a>es em santa rosa, santo \u00e2ngelo, quarto exame demissional santa rosa, santo \u00e2ngelo, medicina em santa rosa, santo \u00e2ngelo rs, quarto, para santa rosa, santo \u00e2ngelo e regi\u00e3o, quarto para santa rosa, santo \u00e2ngelo e regi\u00e3o<\/h2>\n<div id=\"attachment_747\" style=\"width: 353px\" class=\"wp-caption aligncenter\"><a href=\"https:\/\/www.florencemotel.com.br\/site\/wp-content\/uploads\/2013\/06\/per\u00edcia-m\u00e9dica-passo-fundo-rs.jpg\"><img aria-describedby=\"caption-attachment-747\" decoding=\"async\" loading=\"lazy\" class=\"size-full wp-image-747 \" title=\"exame laser santa rosa, santo \u00e2ngelo de quarto em santa rosa, santo \u00e2ngelo\" src=\"https:\/\/www.florencemotel.com.br\/site\/wp-content\/uploads\/2013\/06\/per\u00edcia-m\u00e9dica-passo-fundo-rs.jpg\" alt=\"exame laser santa rosa, santo \u00e2ngelo de quarto em santa rosa, santo \u00e2ngelo\" width=\"343\" height=\"300\"  loading=\"lazy\" \/><\/a><p id=\"caption-attachment-747\" class=\"wp-caption-text\">exame laser santa rosa, santo \u00e2ngelo de quarto em santa rosa, santo \u00e2ngelo<\/p><\/div>\n<\/div>\n","protected":false},"excerpt":{"rendered":"<p>motel santa rosa, santo \u00e2ngelo su\u00edte santa rosa, santo \u00e2ngelo, vip em santa rosa, santo \u00e2ngelo, quarto, santa rosa, santo \u00e2ngelo RS, quarto e laser santa rosa, santo \u00e2ngelo quarto em santa rosa, santo \u00e2ngelo,\u00a0quarto santa rosa, santo \u00e2ngelo, su\u00edte santa rosa, santo \u00e2ngelo, quarto em santa rosa, santo \u00e2ngelo, motel santa rosa, santo \u00e2ngelo [&hellip;]<\/p>\n","protected":false},"author":1,"featured_media":0,"parent":0,"menu_order":0,"comment_status":"closed","ping_status":"closed","template":"template-inicio.php","meta":[],"_links":{"self":[{"href":"https:\/\/www.florencemotel.com.br\/site\/wp-json\/wp\/v2\/pages\/38"}],"collection":[{"href":"https:\/\/www.florencemotel.com.br\/site\/wp-json\/wp\/v2\/pages"}],"about":[{"href":"https:\/\/www.florencemotel.com.br\/site\/wp-json\/wp\/v2\/types\/page"}],"author":[{"embeddable":true,"href":"https:\/\/www.florencemotel.com.br\/site\/wp-json\/wp\/v2\/users\/1"}],"replies":[{"embeddable":true,"href":"https:\/\/www.florencemotel.com.br\/site\/wp-json\/wp\/v2\/comments?post=38"}],"version-history":[{"count":3,"href":"https:\/\/www.florencemotel.com.br\/site\/wp-json\/wp\/v2\/pages\/38\/revisions"}],"predecessor-version":[{"id":1842,"href":"https:\/\/www.florencemotel.com.br\/site\/wp-json\/wp\/v2\/pages\/38\/revisions\/1842"}],"wp:attachment":[{"href":"https:\/\/www.florencemotel.com.br\/site\/wp-json\/wp\/v2\/media?parent=38"}],"curies":[{"name":"wp","href":"https:\/\/api.w.org\/{rel}","templated":true}]}}